{"id":1191,"date":"2019-08-10T19:18:45","date_gmt":"2019-08-10T17:18:45","guid":{"rendered":"https:\/\/skiklub-nb.de\/?page_id=1191"},"modified":"2024-07-01T21:20:55","modified_gmt":"2024-07-01T19:20:55","slug":"vorstand","status":"publish","type":"page","link":"https:\/\/skiklub-nb.de\/?page_id=1191","title":{"rendered":"Vorstand"},"content":{"rendered":"<table style=\"left: 12.5%; text-align: center; position: relative;\" width=\"75%\">\n<tbody>\n<tr>\n<td style=\"text-align: center; vertical-align: middle; border: #ffffff 1px solid;\" width=\"25%\"><strong>Vorsitzender<\/strong><\/td>\n<td style=\"text-align: center; border: #ffffff 1px solid;\" width=\"25%\"><img loading=\"lazy\" decoding=\"async\" class=\"aligncenter size-full wp-image-2227\" title=\"Guido Schulz\" src=\"https:\/\/skiklub-nb.de\/wp-content\/uploads\/2024\/07\/gs100.jpg\" alt=\"\" width=\"100\" height=\"124\"><\/td>\n<td style=\"text-align: left; vertical-align: bottom; border: #ffffff 1px solid;\" width=\"25%\">Guido Schulz<\/td>\n<\/tr>\n<tr valign=\"middle\">\n<td style=\"text-align: center; vertical-align: middle; border: #ffffff 1px solid;\" width=\"25%\"><strong>Stellvertreter<\/strong><\/td>\n<td style=\"text-align: center; border: #ffffff 1px solid;\" width=\"25%\">\n<p style=\"text-align: center;\"><img loading=\"lazy\" decoding=\"async\" class=\"size-full wp-image-1034 aligncenter\" title=\"Dr. Falk Hildebrandt\" src=\"https:\/\/skiklub-nb.de\/wp-content\/uploads\/2019\/08\/fh100.jpg\" alt=\"\" width=\"100\" height=\"124\"><\/p>\n<\/td>\n<td style=\"text-align: left; vertical-align: bottom; border: #ffffff 1px solid;\" width=\"25%\">Dr. Falk Hildebrandt<\/td>\n<\/tr>\n<tr valign=\"middle\">\n<td style=\"text-align: center; vertical-align: middle; border: #ffffff 1px solid;\" width=\"25%\"><strong>Kassenwart<\/strong><\/td>\n<td style=\"text-align: center; border: #ffffff 1px solid;\" width=\"25%\"><img loading=\"lazy\" decoding=\"async\" class=\"aligncenter size-full wp-image-1640\" title=\"Madlen Braun\" src=\"https:\/\/skiklub-nb.de\/wp-content\/uploads\/2019\/08\/mb100.jpg\" alt=\"\" width=\"100\" height=\"124\"><\/td>\n<td style=\"text-align: left; vertical-align: bottom; border: #ffffff 1px solid;\" width=\"25%\">Madlen Braun<\/td>\n<\/tr>\n<tr valign=\"middle\">\n<td style=\"text-align: center; vertical-align: middle; border: #ffffff 1px solid;\" width=\"25%\"><strong>Protokollf\u00fchrer<\/strong><\/td>\n<td style=\"text-align: center; border: #ffffff 1px solid;\" width=\"25%\"><img loading=\"lazy\" decoding=\"async\" class=\"alignnone wp-image-1482 size-full\" title=\"Heinz H\u00fclsd\u00fcnker\" src=\"https:\/\/skiklub-nb.de\/wp-content\/uploads\/2024\/07\/hh100.jpg\" alt=\"\" width=\"100\" height=\"124\"><\/td>\n<td style=\"text-align: left; vertical-align: bottom; border: #ffffff 1px solid;\" width=\"25%\">Heinz H\u00fclsd\u00fcnker<\/td>\n<\/tr>\n<\/tbody>\n<\/table>\n","protected":false},"excerpt":{"rendered":"<p>Vorsitzender Guido Schulz Stellvertreter Dr. Falk Hildebrandt Kassenwart Madlen Braun Protokollf\u00fchrer Heinz H\u00fclsd\u00fcnker<\/p>\n","protected":false},"author":2,"featured_media":0,"parent":0,"menu_order":0,"comment_status":"closed","ping_status":"closed","template":"","meta":{"ngg_post_thumbnail":0,"footnotes":""},"class_list":["post-1191","page","type-page","status-publish","hentry"],"_links":{"self":[{"href":"https:\/\/skiklub-nb.de\/index.php?rest_route=\/wp\/v2\/pages\/1191","targetHints":{"allow":["GET"]}}],"collection":[{"href":"https:\/\/skiklub-nb.de\/index.php?rest_route=\/wp\/v2\/pages"}],"about":[{"href":"https:\/\/skiklub-nb.de\/index.php?rest_route=\/wp\/v2\/types\/page"}],"author":[{"embeddable":true,"href":"https:\/\/skiklub-nb.de\/index.php?rest_route=\/wp\/v2\/users\/2"}],"replies":[{"embeddable":true,"href":"https:\/\/skiklub-nb.de\/index.php?rest_route=%2Fwp%2Fv2%2Fcomments&post=1191"}],"version-history":[{"count":0,"href":"https:\/\/skiklub-nb.de\/index.php?rest_route=\/wp\/v2\/pages\/1191\/revisions"}],"wp:attachment":[{"href":"https:\/\/skiklub-nb.de\/index.php?rest_route=%2Fwp%2Fv2%2Fmedia&parent=1191"}],"curies":[{"name":"wp","href":"https:\/\/api.w.org\/{rel}","templated":true}]}}