{"id":1202,"date":"2019-08-10T19:30:21","date_gmt":"2019-08-10T17:30:21","guid":{"rendered":"https:\/\/skiklub-nb.de\/?page_id=1202"},"modified":"2022-01-19T23:22:59","modified_gmt":"2022-01-19T22:22:59","slug":"skilehrer","status":"publish","type":"page","link":"https:\/\/skiklub-nb.de\/?page_id=1202","title":{"rendered":"Skilehrer"},"content":{"rendered":"<p>Alle haben die Lizenz Trainer C Breitensport Ski Alpin \/ Basic-Instructor:<\/p>\n<table style=\"position: relative; text-align: center; left: 12.5%;\" width=\"75%\">\n<tbody>\n<tr>\n<td style=\"text-align: center; vertical-align: middle; border: #ffffff 1px solid;\" width=\"45%\"><strong>Birko Friese<\/strong><\/td>\n<td style=\"border: 1px solid #ffffff;\">\n<p style=\"text-align: center;\"><a href=\"https:\/\/skiklub-nb.de\/wp-content\/uploads\/2019\/08\/bf.jpg\" rel=\"lightbox[1202]\"><img loading=\"lazy\" decoding=\"async\" class=\"size-full wp-image-1206 aligncenter\" title=\"Birko Friese\" src=\"https:\/\/skiklub-nb.de\/wp-content\/uploads\/2019\/08\/bf.jpg\" alt=\"\" width=\"100\" height=\"130\" srcset=\"https:\/\/skiklub-nb.de\/wp-content\/uploads\/2019\/08\/bf.jpg 462w, https:\/\/skiklub-nb.de\/wp-content\/uploads\/2019\/08\/bf-231x300.jpg 231w\" sizes=\"auto, (max-width: 100px) 100vw, 100px\" \/><\/a><\/p>\n<\/td>\n<\/tr>\n<tr>\n<td style=\"text-align: center; vertical-align: middle; border: #ffffff 1px solid;\" width=\"45%\"><strong>Heinz H\u00fclsd\u00fcnker<\/strong><\/td>\n<td style=\"border: 1px solid #ffffff;\">\n<p style=\"text-align: center;\"><a href=\"https:\/\/skiklub-nb.de\/wp-content\/uploads\/2019\/08\/hh.jpg\" rel=\"lightbox[1202]\"><img loading=\"lazy\" decoding=\"async\" class=\"size-full wp-image-1209 aligncenter\" title=\"Heinz H\u00fclsd\u00fcnker\" src=\"https:\/\/skiklub-nb.de\/wp-content\/uploads\/2019\/08\/hh.jpg\" alt=\"\" width=\"100\" height=\"140\" srcset=\"https:\/\/skiklub-nb.de\/wp-content\/uploads\/2019\/08\/hh.jpg 315w, https:\/\/skiklub-nb.de\/wp-content\/uploads\/2019\/08\/hh-214x300.jpg 214w\" sizes=\"auto, (max-width: 100px) 100vw, 100px\" \/><\/a><\/p>\n<\/td>\n<\/tr>\n<tr>\n<td style=\"text-align: center; vertical-align: middle; border: #ffffff 1px solid;\" width=\"45%\"><strong>Bernd Hoffmann<\/strong><br \/>\n&#8211; auch Snowboard &#8211;<\/td>\n<td style=\"border: 1px solid #ffffff;\"><a href=\"https:\/\/skiklub-nb.de\/wp-content\/uploads\/2019\/08\/bh.jpg\" rel=\"lightbox[1202]\"><img loading=\"lazy\" decoding=\"async\" class=\"aligncenter size-full wp-image-1207\" title=\"Bernd Hoffmann\" src=\"https:\/\/skiklub-nb.de\/wp-content\/uploads\/2019\/08\/bh.jpg\" alt=\"\" width=\"133\" height=\"100\" srcset=\"https:\/\/skiklub-nb.de\/wp-content\/uploads\/2019\/08\/bh.jpg 640w, https:\/\/skiklub-nb.de\/wp-content\/uploads\/2019\/08\/bh-300x225.jpg 300w\" sizes=\"auto, (max-width: 133px) 100vw, 133px\" \/><\/a>&nbsp;<\/td>\n<\/tr>\n<tr>\n<td style=\"text-align: center; vertical-align: middle; border: #ffffff 1px solid;\" width=\"45%\"><strong>Frank L\u00fcbbe<\/strong><\/td>\n<td style=\"border: 1px solid #ffffff;\"><a href=\"https:\/\/skiklub-nb.de\/wp-content\/uploads\/2022\/01\/fl.jpg\" rel=\"lightbox[1202]\"><img loading=\"lazy\" decoding=\"async\" class=\"aligncenter size-full wp-image-1207\" title=\"Frank L\u00fcbbe\" src=\"https:\/\/skiklub-nb.de\/wp-content\/uploads\/2022\/01\/fl.jpg\" alt=\"\" width=\"100\" height=\"130\"><\/a>&nbsp;<\/td>\n<\/tr>\n<tr>\n<td style=\"text-align: center; vertical-align: middle; border: #ffffff 1px solid;\" width=\"45%\"><strong>Marius Pudell<\/strong><\/td>\n<td style=\"border: 1px solid #ffffff;\"><a href=\"https:\/\/skiklub-nb.de\/wp-content\/uploads\/2019\/08\/mp.jpg\" rel=\"lightbox[1202]\"><img loading=\"lazy\" decoding=\"async\" class=\"aligncenter size-full wp-image-1212\" title=\"Marius Pudell\" src=\"https:\/\/skiklub-nb.de\/wp-content\/uploads\/2019\/08\/mp.jpg\" alt=\"\" width=\"133\" height=\"100\" srcset=\"https:\/\/skiklub-nb.de\/wp-content\/uploads\/2019\/08\/mp.jpg 640w, https:\/\/skiklub-nb.de\/wp-content\/uploads\/2019\/08\/mp-300x225.jpg 300w\" sizes=\"auto, (max-width: 133px) 100vw, 133px\" \/><\/a><\/td>\n<\/tr>\n<tr>\n<td style=\"text-align: center; vertical-align: middle; border: #ffffff 1px solid;\" width=\"45%\"><strong>Katja Scharschuch<\/strong><\/td>\n<td style=\"border: 1px solid #ffffff;\">&nbsp;<a href=\"https:\/\/skiklub-nb.de\/wp-content\/uploads\/2019\/08\/ks.jpg\" rel=\"lightbox[1202]\"><img loading=\"lazy\" decoding=\"async\" class=\"aligncenter size-full wp-image-1210\" title=\"Katja Scharschuch\" src=\"https:\/\/skiklub-nb.de\/wp-content\/uploads\/2019\/08\/ks.jpg\" alt=\"\" width=\"100\" height=\"141\" srcset=\"https:\/\/skiklub-nb.de\/wp-content\/uploads\/2019\/08\/ks.jpg 406w, https:\/\/skiklub-nb.de\/wp-content\/uploads\/2019\/08\/ks-211x300.jpg 211w\" sizes=\"auto, (max-width: 100px) 100vw, 100px\" \/><\/a><\/td>\n<\/tr>\n<tr>\n<td style=\"text-align: center; vertical-align: middle; border: #ffffff 1px solid;\" width=\"45%\"><strong>Barbara Schroeder<\/strong><\/td>\n<td style=\"border: 1px solid #ffffff;\"><a href=\"https:\/\/skiklub-nb.de\/wp-content\/uploads\/2019\/08\/bs.jpg\" rel=\"lightbox[1202]\"><img loading=\"lazy\" decoding=\"async\" class=\"aligncenter size-full wp-image-1198\" title=\"Barbara Schroeder\" src=\"https:\/\/skiklub-nb.de\/wp-content\/uploads\/2019\/08\/bs.jpg\" alt=\"\" width=\"100\" height=\"129\"><\/a><\/td>\n<\/tr>\n<tr>\n<td style=\"text-align: center; vertical-align: middle; border: #ffffff 1px solid;\" width=\"45%\"><strong>Laura Sommer<\/strong><\/td>\n<td style=\"border: 1px solid #ffffff;\"><a href=\"https:\/\/skiklub-nb.de\/wp-content\/uploads\/2019\/08\/ls.jpg\" rel=\"lightbox[1202]\"><img loading=\"lazy\" decoding=\"async\" class=\"aligncenter size-full wp-image-1211\" title=\"Laura Sommer\" src=\"https:\/\/skiklub-nb.de\/wp-content\/uploads\/2019\/08\/ls.jpg\" alt=\"\" width=\"100\" height=\"140\" srcset=\"https:\/\/skiklub-nb.de\/wp-content\/uploads\/2019\/08\/ls.jpg 390w, https:\/\/skiklub-nb.de\/wp-content\/uploads\/2019\/08\/ls-215x300.jpg 215w\" sizes=\"auto, (max-width: 100px) 100vw, 100px\" \/><\/a><\/td>\n<\/tr>\n<tr>\n<td style=\"text-align: center; vertical-align: middle; border: #ffffff 1px solid;\" width=\"45%\"><strong>Torsten Sommer<\/strong><\/td>\n<td style=\"border: 1px solid #ffffff;\">&nbsp;<a href=\"https:\/\/skiklub-nb.de\/wp-content\/uploads\/2019\/08\/ts.jpg\" rel=\"lightbox[1202]\"><img loading=\"lazy\" decoding=\"async\" class=\"aligncenter size-full wp-image-1205\" title=\"Torsten Sommer\" src=\"https:\/\/skiklub-nb.de\/wp-content\/uploads\/2019\/08\/ts.jpg\" alt=\"\" width=\"100\" height=\"124\" srcset=\"https:\/\/skiklub-nb.de\/wp-content\/uploads\/2019\/08\/ts.jpg 390w, https:\/\/skiklub-nb.de\/wp-content\/uploads\/2019\/08\/ts-241x300.jpg 241w\" sizes=\"auto, (max-width: 100px) 100vw, 100px\" \/><\/a><\/td>\n<\/tr>\n<\/tbody>\n<\/table>\n","protected":false},"excerpt":{"rendered":"<p>Alle haben die Lizenz Trainer C Breitensport Ski Alpin \/ Basic-Instructor: Birko Friese Heinz H\u00fclsd\u00fcnker Bernd Hoffmann &#8211; auch Snowboard &#8211; &nbsp; Frank L\u00fcbbe &nbsp; Marius Pudell Katja Scharschuch &nbsp; Barbara Schroeder Laura Sommer Torsten Sommer &nbsp;<\/p>\n","protected":false},"author":2,"featured_media":0,"parent":0,"menu_order":0,"comment_status":"closed","ping_status":"closed","template":"","meta":{"ngg_post_thumbnail":0,"footnotes":""},"class_list":["post-1202","page","type-page","status-publish","hentry"],"_links":{"self":[{"href":"https:\/\/skiklub-nb.de\/index.php?rest_route=\/wp\/v2\/pages\/1202","targetHints":{"allow":["GET"]}}],"collection":[{"href":"https:\/\/skiklub-nb.de\/index.php?rest_route=\/wp\/v2\/pages"}],"about":[{"href":"https:\/\/skiklub-nb.de\/index.php?rest_route=\/wp\/v2\/types\/page"}],"author":[{"embeddable":true,"href":"https:\/\/skiklub-nb.de\/index.php?rest_route=\/wp\/v2\/users\/2"}],"replies":[{"embeddable":true,"href":"https:\/\/skiklub-nb.de\/index.php?rest_route=%2Fwp%2Fv2%2Fcomments&post=1202"}],"version-history":[{"count":0,"href":"https:\/\/skiklub-nb.de\/index.php?rest_route=\/wp\/v2\/pages\/1202\/revisions"}],"wp:attachment":[{"href":"https:\/\/skiklub-nb.de\/index.php?rest_route=%2Fwp%2Fv2%2Fmedia&parent=1202"}],"curies":[{"name":"wp","href":"https:\/\/api.w.org\/{rel}","templated":true}]}}