{"id":1238,"date":"2019-08-10T21:16:36","date_gmt":"2019-08-10T19:16:36","guid":{"rendered":"https:\/\/skiklub-nb.de\/?page_id=1238"},"modified":"2022-01-19T22:44:29","modified_gmt":"2022-01-19T21:44:29","slug":"aktivitaeten","status":"publish","type":"page","link":"https:\/\/skiklub-nb.de\/?page_id=1238","title":{"rendered":"Aktivit\u00e4ten"},"content":{"rendered":"<ul>\n<li>mehrere Fahrten pro Jahr in verschiedene Skigebiete in den Alpen;<\/li>\n<\/ul>\n<ul>\n<li>Skikurse, bei den eigene Skilehrer Sportlern aller K\u00f6nnensstufen, vom Anf\u00e4nger bis zum Fortgeschrittenen, die entsprechende Hilfeleistung geben;<\/li>\n<\/ul>\n<ul>\n<li>regelm\u00e4\u00dfiges Sporttreiben in der Sporthalle der <a href=\"http:\/\/gs-mitte-nb.de\/\" target=\"_blank\" rel=\"noopener noreferrer\">Grundschule Mitte<\/a>, Katherinenstra\u00dfe 1, dienstags von 19:30 bis 21:00:<\/li>\n<\/ul>\n<p><iframe loading=\"lazy\" src=\"https:\/\/maps.google.de\/maps\/ms?msid=205873804372661587398.0004ec03f86a59b45a6f3&amp;msa=0&amp;hl=de&amp;ie=UTF8&amp;t=h&amp;ll=53.55702,13.26886&amp;spn=0.00223,0.005364&amp;z=17&amp;output=embed\" width=\"500\" height=\"350\" frameborder=\"0\" marginwidth=\"0\" marginheight=\"0\" scrolling=\"no\" align=\"center\"><\/iframe><\/p>\n","protected":false},"excerpt":{"rendered":"<p>mehrere Fahrten pro Jahr in verschiedene Skigebiete in den Alpen; Skikurse, bei den eigene Skilehrer Sportlern aller K\u00f6nnensstufen, vom Anf\u00e4nger bis zum Fortgeschrittenen, die entsprechende Hilfeleistung geben; regelm\u00e4\u00dfiges Sporttreiben in der Sporthalle der Grundschule Mitte, Katherinenstra\u00dfe 1, dienstags von 19:30 bis 21:00:<\/p>\n","protected":false},"author":2,"featured_media":0,"parent":0,"menu_order":0,"comment_status":"closed","ping_status":"closed","template":"","meta":{"ngg_post_thumbnail":0,"footnotes":""},"class_list":["post-1238","page","type-page","status-publish","hentry"],"_links":{"self":[{"href":"https:\/\/skiklub-nb.de\/index.php?rest_route=\/wp\/v2\/pages\/1238","targetHints":{"allow":["GET"]}}],"collection":[{"href":"https:\/\/skiklub-nb.de\/index.php?rest_route=\/wp\/v2\/pages"}],"about":[{"href":"https:\/\/skiklub-nb.de\/index.php?rest_route=\/wp\/v2\/types\/page"}],"author":[{"embeddable":true,"href":"https:\/\/skiklub-nb.de\/index.php?rest_route=\/wp\/v2\/users\/2"}],"replies":[{"embeddable":true,"href":"https:\/\/skiklub-nb.de\/index.php?rest_route=%2Fwp%2Fv2%2Fcomments&post=1238"}],"version-history":[{"count":0,"href":"https:\/\/skiklub-nb.de\/index.php?rest_route=\/wp\/v2\/pages\/1238\/revisions"}],"wp:attachment":[{"href":"https:\/\/skiklub-nb.de\/index.php?rest_route=%2Fwp%2Fv2%2Fmedia&parent=1238"}],"curies":[{"name":"wp","href":"https:\/\/api.w.org\/{rel}","templated":true}]}}