{"id":1241,"date":"2019-08-10T21:20:14","date_gmt":"2019-08-10T19:20:14","guid":{"rendered":"https:\/\/skiklub-nb.de\/?page_id=1241"},"modified":"2026-03-21T15:46:49","modified_gmt":"2026-03-21T14:46:49","slug":"geschichte","status":"publish","type":"page","link":"https:\/\/skiklub-nb.de\/?page_id=1241","title":{"rendered":"Geschichte"},"content":{"rendered":"<ul>\n<li><strong>Herbst&nbsp;1996<\/strong><br \/>\nDie erste Fahrt einer kleinen Gruppe von 12 Enthusiasten nach \u00d6sterreich, die Idee eines Vereins wird geboren.<\/li>\n<\/ul>\n<ul>\n<li><strong>Winter&nbsp;1996<\/strong><br \/>\nGr\u00fcndungsversammlung, 30 zuk\u00fcnftige Vereinsmitglieder beschlie\u00dfen die Gr\u00fcndung des Vereins. Klaus Dehmel wird zum Vorsitzenden gew\u00e4hlt. Seitdem unternimmt der Verein pro Winter eine Fahrt in die \u00f6sterreichischen Alpen. Auch der w\u00f6chentliche Training in der Sporthalle der Beruflichen Schule findet statt.<\/li>\n<\/ul>\n<ul>\n<li><strong>Winter 1998<\/strong><br \/>\nDer Verein z\u00e4hlt 140 Mitglieder. Die gr\u00f6\u00dfte Fahrt nach \u00d6sterreich mit 2 Doppeldeckern und einem Bus wird zum H\u00f6hepunkt der Saison. Sommerfeste, Versammlungen, gesellige Runden beleben das Vereinsgeschehen.<\/li>\n<\/ul>\n<ul>\n<li><strong>Winter 1999<\/strong><br \/>\nDer Skiklub wechselt das Skigebiet. Das neue Skigebiet Dachstein-West bietet mit 180 Pistenkilometern mehr Abwechslung.<\/li>\n<\/ul>\n<ul>\n<li><strong>seit 2002<\/strong><br \/>\nEs werden mehrere Touren im Winter angeboten, unter anderem auch f\u00fcr die Sch\u00fcler der Beruflichen Schule &#8222;Wirtschaft, Handwerk und Industrie&#8220; in das Vratnatal in der Niedrigen Tatra (Slowakei). Pro Fahrt finden sich immer um 70 Personen zusammen.<\/li>\n<\/ul>\n<ul>\n<li><strong>Winter 2002<\/strong><br \/>\nFahrt nach Lammertal (Skigebiet Dachstein-West). Die Berufliche Schule wird zunehmend integriert, Nachwuchsf\u00f6rderung vorangetrieben.<\/li>\n<\/ul>\n<ul>\n<li><strong>Winter 2003<\/strong><br \/>\nFahrt nach Rauris (Salzburger Land).<\/li>\n<\/ul>\n<ul>\n<li><strong>Winter 2004<\/strong><br \/>\nFahrt nach Heiligenblut (Skigebiet Gro\u00dfgl\u00f6ckner).<\/li>\n<\/ul>\n<ul>\n<li><strong>Winter 2005<\/strong><br \/>\nFahrt nach Fusch (Skigebiet Europa Sportregion).<\/li>\n<\/ul>\n<ul>\n<li><strong>Winter 2006<\/strong><br \/>\nFahrt nach Bayerisch Zell (Bayern).<\/li>\n<\/ul>\n<ul>\n<li><strong>Winter 2007<\/strong><br \/>\nFahrt nach Lammertal (Skigebiet Dachstein-West), an der Fahrt nehmen 53 Vereinsmitglieder teil.<\/li>\n<\/ul>\n<ul>\n<li><strong>Winter&nbsp;2008<\/strong><br \/>\nFahrt nach Zillertal (Skigebiete Zillertal3000 und Zillertal-Arena).<\/li>\n<\/ul>\n<ul>\n<li><strong>Winter 2009<\/strong><br \/>\n2. Fahrt nach Zillertal (Skigebiete Zillertal3000 und Zillertal-Arena).<\/li>\n<\/ul>\n<ul>\n<li><strong>2009<\/strong><br \/>\n&#8211; Neuwahl des Vorstands mit Michael Gabriel als Vorsitzenden.<br \/>\n&#8211; Zwei Drachenbootfahrten auf dem Tollensesee.<\/li>\n<\/ul>\n<ul>\n<li><strong>Winter 2010<\/strong><br \/>\nFahrt nach St. Johann im Pongau (Skigebiet Amade&#8216;).<\/li>\n<\/ul>\n<ul>\n<li><strong>Juli 2010<\/strong><br \/>\nEintritt in den <a href=\"http:\/\/www.skiverband-mv.de\/\" target=\"_blank\" rel=\"noopener noreferrer\">Landesskiverband MV<\/a>.<\/li>\n<\/ul>\n<ul>\n<li><strong>Winter 2011<\/strong><br \/>\nFahrt nach Zell am See (Skiregion Zell am See \/ Kaprun).<\/li>\n<\/ul>\n<ul>\n<li><strong>Winter 2012<\/strong><br \/>\nErneut Fahrt nach Zell am See (weils so sch\u00f6n war). F\u00fcnf Vereinsmitglieder lie\u00dfen sich \u00fcber den Deutschen Ski Verband (DSV) zum Skilehrer ausbilden.<\/li>\n<\/ul>\n<ul>\n<li><strong>Winter 2013<\/strong><br \/>\nErste Fahrt nach Italien ins Skigebiet Kronplatz in S\u00fcdtirol (Percha).<\/li>\n<\/ul>\n<ul>\n<li><strong>2014<\/strong><br \/>\nNeuwahl des Vorstands mit Peter Dittmar als Vorsitzenden.<\/li>\n<\/ul>\n<ul>\n<li><strong>Winter 2014<\/strong><br \/>\nZwei Fahrten&nbsp;nach Italien ins Skigebiet Kronplatz in S\u00fcdtirol (Percha).<\/li>\n<\/ul>\n<ul>\n<li><strong>Winter 2015<\/strong><br \/>\nZwei Fahrten nach Italien ins Skigebiet Kronplatz in S\u00fcdtirol (Percha) mit Spa\u00dfbiatlon in Antholz.<\/li>\n<\/ul>\n<ul>\n<li><strong>2016<\/strong><br \/>\nNeuwahl des Vorstands mit Hardi Parlowski als Vorsitzenden.<\/li>\n<\/ul>\n<ul>\n<li><strong>Winter 2016<\/strong><br \/>\n-Fahrt nach Italien ins Skigebiet Kronplatz in S\u00fcdtirol (Percha) mit Ausfl\u00fcgen nach Cortina d&#8217;Ampezzo und Alta Badia sowie Spa\u00dfbiatlon in Antholz.<br \/>\n-Fahrt nach Alpbachtal Wildsch\u00f6nau (\u00d6stereich)<strong>.<\/strong><\/li>\n<\/ul>\n<ul>\n<li><strong>Winter 2017<\/strong><br \/>\nZwei Fahrten nach St. Johann im Pongau (Skigebiet Amade&#8216;).<\/li>\n<\/ul>\n<ul>\n<li><strong>2018<\/strong><br \/>\nNeuwahl des Vorstands mit Frank Koch als Vorsitzenden.<\/li>\n<\/ul>\n<ul>\n<li><strong>Winter 2018 und 2019<\/strong><br \/>\n-Fahrt nach Abtenau ins Skigebiet Dachstein West<br \/>\n-Fahrt nach Altenmarkt im Pongau ins Skigebiet Amade<\/li>\n<\/ul>\n<ul>\n<li><strong>2020<\/strong><br \/>\nNeuwahl des Vorstands mit Frank Koch als Vorsitzenden.<\/li>\n<\/ul>\n<ul>\n<li><strong>Winter 2020<\/strong><br \/>\n-Fahrt nach Pressegger See ins Skigebiet Nassfeld<br \/>\n-Fahrt nach Altenmarkt im Pongau ins Skigebiet Amade<\/li>\n<\/ul>\n<ul>\n<li><strong>2021<\/strong><br \/>\n-Ausfall aller Skifahren aufgrund COVID-19<br \/>\n-Neuwahl des Vorstands mit Frank Koch als Vorsitzenden<br \/>\n-Verabschiedung einer neuen <a href=\"https:\/\/skiklub-nb.de\/?page_id=1220\">Vereinssatzung<\/a><\/li>\n<\/ul>\n<ul>\n<li><strong>Winter 2022<\/strong><br \/>\nWegen Mangel an Teilnehmern erfolgten die Anreisen ausschlie\u00dflich mit Privat-PKW:<br \/>\n-Fahrt nach Abtenau&nbsp;ins Skigebiet Dachstein West<br \/>\n-Fahrt nach Altenmarkt im Pongau ins Skigebiet Amade<\/li>\n<\/ul>\n<ul>\n<li><strong>2022<\/strong><br \/>\nNeuwahl des Vorstands mit Frank Koch als Vorsitzenden.<\/li>\n<\/ul>\n<ul>\n<li><strong>Winter 2023<\/strong><br \/>\n-Fahrt nach Abtenau&nbsp;ins Skigebiet Dachstein West<br \/>\n-Fahrt nach Altenmarkt im Pongau ins Skigebiet Amade<\/li>\n<\/ul>\n<ul>\n<li><strong>2023<\/strong><br \/>\nNeuwahl des Vorstands mit Frank Koch als Vorsitzenden.<\/li>\n<\/ul>\n<ul>\n<li><strong>Winter 2024<\/strong><br \/>\n-Fahrt nach Eben&nbsp;ins Skigebiet Ski amad\u00e9<br \/>\n-Fahrt nach Altenmarkt im Pongau ins Skigebiet Ski amad\u00e9<\/li>\n<\/ul>\n<ul>\n<li><strong>2024<\/strong><br \/>\nNeuwahl des Vorstands mit Guido Schulz als Vorsitzenden.<\/li>\n<\/ul>\n<ul>\n<li><strong>Winter 2025<\/strong><br \/>\nFahrt nach Italien ins Skigebiet Kronplatz in S\u00fcdtirol (St. Vigil).<\/li>\n<\/ul>\n<ul>\n<li><strong>Winter 2026<\/strong><br \/>\n-Fahrt nach Italien ins Skigebiet Kronplatz in S\u00fcdtirol (St. Vigil).<br \/>\n-Fahrt nach Altenmarkt im Pongau ins Skigebiet Ski amad\u00e9<\/li>\n<\/ul>\n","protected":false},"excerpt":{"rendered":"<p>Herbst&nbsp;1996 Die erste Fahrt einer kleinen Gruppe von 12 Enthusiasten nach \u00d6sterreich, die Idee eines Vereins wird geboren. Winter&nbsp;1996 Gr\u00fcndungsversammlung, 30 zuk\u00fcnftige Vereinsmitglieder beschlie\u00dfen die Gr\u00fcndung des Vereins. Klaus Dehmel wird zum Vorsitzenden gew\u00e4hlt. Seitdem unternimmt der Verein pro Winter eine Fahrt in die \u00f6sterreichischen Alpen. Auch der w\u00f6chentliche Training in der Sporthalle der Beruflichen [&hellip;]<\/p>\n","protected":false},"author":2,"featured_media":0,"parent":0,"menu_order":0,"comment_status":"closed","ping_status":"closed","template":"","meta":{"ngg_post_thumbnail":0,"footnotes":""},"class_list":["post-1241","page","type-page","status-publish","hentry"],"_links":{"self":[{"href":"https:\/\/skiklub-nb.de\/index.php?rest_route=\/wp\/v2\/pages\/1241","targetHints":{"allow":["GET"]}}],"collection":[{"href":"https:\/\/skiklub-nb.de\/index.php?rest_route=\/wp\/v2\/pages"}],"about":[{"href":"https:\/\/skiklub-nb.de\/index.php?rest_route=\/wp\/v2\/types\/page"}],"author":[{"embeddable":true,"href":"https:\/\/skiklub-nb.de\/index.php?rest_route=\/wp\/v2\/users\/2"}],"replies":[{"embeddable":true,"href":"https:\/\/skiklub-nb.de\/index.php?rest_route=%2Fwp%2Fv2%2Fcomments&post=1241"}],"version-history":[{"count":0,"href":"https:\/\/skiklub-nb.de\/index.php?rest_route=\/wp\/v2\/pages\/1241\/revisions"}],"wp:attachment":[{"href":"https:\/\/skiklub-nb.de\/index.php?rest_route=%2Fwp%2Fv2%2Fmedia&parent=1241"}],"curies":[{"name":"wp","href":"https:\/\/api.w.org\/{rel}","templated":true}]}}