{"id":2277,"date":"2026-05-12T11:29:55","date_gmt":"2026-05-12T09:29:55","guid":{"rendered":"https:\/\/skiklub-nb.de\/?page_id=2277"},"modified":"2026-05-12T22:17:16","modified_gmt":"2026-05-12T20:17:16","slug":"jahreshauptversammlung","status":"publish","type":"page","link":"https:\/\/skiklub-nb.de\/?page_id=2277","title":{"rendered":"Jahreshauptversammlung"},"content":{"rendered":"<h2>Jahreshauptversammlung<\/h2>\n<p>Die Jahreshauptversammlung 2026 des Neubrandenburger Ski-Club fand \u2013 wie bereits im vergangenen Jahr \u2013 im Spartenheim Carlsh\u00f6he statt. In angenehmer und entspannter Atmosph\u00e4re kamen zahlreiche Mitglieder zusammen, um gemeinsam auf das vergangene Vereinsjahr zur\u00fcckzublicken und einen Ausblick auf die kommenden Monate zu werfen.<\/p>\n<p>Im Rahmen der Versammlung wurde der bisherige <a href=\"https:\/\/skiklub-nb.de\/?page_id=1191\">Vorstand<\/a> offiziell entlastet. Gleichzeitig sprachen die Mitglieder dem bisherigen Vorstand erneut ihr Vertrauen aus, sodass dieser auch k\u00fcnftig die Vereinsarbeit weiterf\u00fchren wird.<\/p>\n<p>Nach dem offiziellen Teil lie\u00df man den Abend bei gutem Essen und Getr\u00e4nken gem\u00fctlich ausklingen. Bei Musik, Tanz und vielen netten Gespr\u00e4chen wurde gemeinsam gelacht, erz\u00e4hlt und auf das Vereinsleben angesto\u00dfen. Erst nach 23 Uhr endete ein gelungener und geselliger Abend.<\/p>\n<p>Wir bedanken uns bei allen Mitgliedern f\u00fcr die zahlreiche Teilnahme und die Unterst\u00fctzung unseres Vereinslebens. Mit Vorfreude blicken wir nun auf das Jahr 2027 und hoffen auch weiterhin auf eine so tolle Beteiligung und viele gemeinsame Veranstaltungen.<\/p>\nngg_shortcode_0_placeholder\n","protected":false},"excerpt":{"rendered":"<p>Jahreshauptversammlung Die Jahreshauptversammlung 2026 des Neubrandenburger Ski-Club fand \u2013 wie bereits im vergangenen Jahr \u2013 im Spartenheim Carlsh\u00f6he statt. In angenehmer und entspannter Atmosph\u00e4re kamen zahlreiche Mitglieder zusammen, um gemeinsam auf das vergangene Vereinsjahr zur\u00fcckzublicken und einen Ausblick auf die kommenden Monate zu werfen. Im Rahmen der Versammlung wurde der bisherige Vorstand offiziell entlastet. Gleichzeitig [&hellip;]<\/p>\n","protected":false},"author":2,"featured_media":0,"parent":0,"menu_order":0,"comment_status":"closed","ping_status":"closed","template":"","meta":{"ngg_post_thumbnail":0,"footnotes":""},"class_list":["post-2277","page","type-page","status-publish","hentry"],"_links":{"self":[{"href":"https:\/\/skiklub-nb.de\/index.php?rest_route=\/wp\/v2\/pages\/2277","targetHints":{"allow":["GET"]}}],"collection":[{"href":"https:\/\/skiklub-nb.de\/index.php?rest_route=\/wp\/v2\/pages"}],"about":[{"href":"https:\/\/skiklub-nb.de\/index.php?rest_route=\/wp\/v2\/types\/page"}],"author":[{"embeddable":true,"href":"https:\/\/skiklub-nb.de\/index.php?rest_route=\/wp\/v2\/users\/2"}],"replies":[{"embeddable":true,"href":"https:\/\/skiklub-nb.de\/index.php?rest_route=%2Fwp%2Fv2%2Fcomments&post=2277"}],"version-history":[{"count":1,"href":"https:\/\/skiklub-nb.de\/index.php?rest_route=\/wp\/v2\/pages\/2277\/revisions"}],"predecessor-version":[{"id":2341,"href":"https:\/\/skiklub-nb.de\/index.php?rest_route=\/wp\/v2\/pages\/2277\/revisions\/2341"}],"wp:attachment":[{"href":"https:\/\/skiklub-nb.de\/index.php?rest_route=%2Fwp%2Fv2%2Fmedia&parent=2277"}],"curies":[{"name":"wp","href":"https:\/\/api.w.org\/{rel}","templated":true}]}}