{"id":278,"date":"2019-08-05T21:05:23","date_gmt":"2019-08-05T19:05:23","guid":{"rendered":"https:\/\/skiklub-nb.de\/?page_id=278"},"modified":"2019-08-05T21:57:40","modified_gmt":"2019-08-05T19:57:40","slug":"gaestebuch","status":"publish","type":"page","link":"https:\/\/skiklub-nb.de\/?page_id=278","title":{"rendered":"G\u00e4stebuch"},"content":{"rendered":"<div id=\"gwolle_gb\"><div id=\"gwolle_gb_messages_top_container\"><\/div>\n\t\t\t<div id=\"gwolle_gb_write_button\">\n\t\t\t\t<input type=\"button\" class=\"button btn btn-default \" value=\"&raquo; Neuen Eintrag schreiben\" \/>\n\t\t\t<\/div>\n\t\t\t<form id=\"gwolle_gb_new_entry\" action=\"#\" method=\"POST\" class=\"gwolle_gb_hide gwolle_gb_float gwolle-gb-float gwolle_gb_form_ajax gwolle-gb-form-ajax\">\n\t\t\t\t<h3>Einen neuen Eintrag f\u00fcr das G\u00e4stebuch schreiben<\/h3>\n\t\t\t\t<button type=\"button\" class=\"gb-notice-dismiss\"><span class=\"screen-reader-text\">Dieses Formular ausblenden<\/span><\/button>\n\t\t\t\n\t\t\t\t<input type=\"hidden\" name=\"gwolle_gb_function\" id=\"gwolle_gb_function\" value=\"add_entry\" \/><input type=\"hidden\" name=\"gwolle_gb_book_id\" id=\"gwolle_gb_book_id\" value=\"1\" \/><div class=\"gwolle_gb_e0baa4bf445e9fb4323d727a109bde8f\">\n\t\t\t\t<div class=\"label\"><label for=\"gwolle_gb_e0baa4bf445e9fb4323d727a109bde8f\" class=\"text-info\">Name: *<\/label><\/div>\n\t\t\t\t<div class=\"input\"><input class=\"wp-exclude-emoji \" value=\"\" type=\"text\" name=\"gwolle_gb_e0baa4bf445e9fb4323d727a109bde8f\" id=\"gwolle_gb_e0baa4bf445e9fb4323d727a109bde8f\" placeholder=\"Name\" required \/><\/div>\n\t\t\t<\/div>\n\t\t\t<div class=\"clearBoth\">&nbsp;<\/div><div class=\"gwolle_gb_75cb037800ad1af15346e9e447693f31\">\n\t\t\t\t<div class=\"label\"><label for=\"gwolle_gb_75cb037800ad1af15346e9e447693f31\" class=\"text-info\">E-Mail: *<\/label><\/div>\n\t\t\t\t<div class=\"input\"><input class=\"\" value=\"\" type=\"text\" name=\"gwolle_gb_75cb037800ad1af15346e9e447693f31\" id=\"gwolle_gb_75cb037800ad1af15346e9e447693f31\" placeholder=\"E-Mail\"  required \/><\/div>\n\t\t\t<\/div>\n\t\t\t<div class=\"clearBoth\">&nbsp;<\/div>\n\t\t\t<div class=\"gwolle_gb_4a3808c96cde34cc3be469029bedc1f0\" style=\"display:none;\">\n\t\t\t\t<div class=\"label\">\n\t\t\t\t\t<label for=\"gwolle_gb_4a3808c96cde34cc3be469029bedc1f0\" class=\"text-primary\">Hier nichts eingeben:<\/label>\n\t\t\t\t\t<label for=\"gwolle_gb_a4480e1aa8c4d4e6f67694935b587255\" class=\"text-primary\">Hier nichts eingeben:<\/label>\n\t\t\t\t<\/div>\n\t\t\t\t<div class=\"input\">\n\t\t\t\t\t<input value=\"59\" type=\"text\" name=\"gwolle_gb_4a3808c96cde34cc3be469029bedc1f0\" id=\"gwolle_gb_4a3808c96cde34cc3be469029bedc1f0\" placeholder=\"\" \/>\n\t\t\t\t\t<input value=\"\" type=\"text\" name=\"gwolle_gb_a4480e1aa8c4d4e6f67694935b587255\" id=\"gwolle_gb_a4480e1aa8c4d4e6f67694935b587255\" placeholder=\"\" \/>\n\t\t\t\t<\/div>\n\t\t\t<\/div>\n\t\t\t<div class=\"clearBoth\"><\/div>\n\t\t\t<div class=\"gwolle_gb_8cec23ac57f68bed5a562aa3f0ca14b2\" style=\"display:none;\">\n\t\t\t\t<div class=\"label\">\n\t\t\t\t\t<label for=\"gwolle_gb_8cec23ac57f68bed5a562aa3f0ca14b2\" class=\"text-primary\">Hier nichts eingeben:<\/label>\n\t\t\t\t\t<label for=\"gwolle_gb_d2409ad36b09a6a773ca102070eb5ee8\" class=\"text-primary\">Hier nichts eingeben:<\/label>\n\t\t\t\t<\/div>\n\t\t\t\t<div class=\"input\">\n\t\t\t\t\t<input value=\"58030\" type=\"text\" name=\"gwolle_gb_8cec23ac57f68bed5a562aa3f0ca14b2\" id=\"gwolle_gb_8cec23ac57f68bed5a562aa3f0ca14b2\" placeholder=\"\" \/>\n\t\t\t\t\t<input value=\"58030\" type=\"text\" name=\"gwolle_gb_d2409ad36b09a6a773ca102070eb5ee8\" id=\"gwolle_gb_d2409ad36b09a6a773ca102070eb5ee8\" placeholder=\"\" \/>\n\t\t\t\t<\/div>\n\t\t\t<\/div>\n\t\t\t<div class=\"clearBoth\"><\/div><div class=\"gwolle_gb_content\">\n\t\t\t\t<div class=\"label\"><label for=\"gwolle_gb_content\" class=\"text-info\">G\u00e4stebucheintrag: *<\/label><\/div>\n\t\t\t\t<div class=\"input\"><textarea name=\"gwolle_gb_content\" id=\"gwolle_gb_content\" class=\"wp-exclude-emoji \" placeholder=\"G\u00e4stebucheintrag\"  required ><\/textarea><div class=\"gwolle_gb_emoji gwolle_gb_hide\">\n\t\t<a title=\"\ud83d\ude04\" class=\"gwolle_gb_emoji_1 noslimstat\">\ud83d\ude04<\/a>\n\t\t<a title=\"\ud83d\ude03\" class=\"gwolle_gb_emoji_2 noslimstat\">\ud83d\ude03<\/a>\n\t\t<a title=\"\ud83d\ude0a\" class=\"gwolle_gb_emoji_3 noslimstat\">\ud83d\ude0a<\/a>\n\t\t<a title=\"\ud83d\ude09\" class=\"gwolle_gb_emoji_4 noslimstat\">\ud83d\ude09<\/a>\n\t\t<a title=\"\ud83d\ude0d\" class=\"gwolle_gb_emoji_5 noslimstat\">\ud83d\ude0d<\/a>\n\t\t<a title=\"\ud83d\ude1a\" class=\"gwolle_gb_emoji_6 noslimstat\">\ud83d\ude1a<\/a>\n\t\t<a title=\"\ud83d\ude17\" class=\"gwolle_gb_emoji_7 noslimstat\">\ud83d\ude17<\/a>\n\t\t<a title=\"\ud83d\ude1c\" class=\"gwolle_gb_emoji_8 noslimstat\">\ud83d\ude1c<\/a>\n\t\t<a title=\"\ud83d\ude1b\" class=\"gwolle_gb_emoji_9 noslimstat\">\ud83d\ude1b<\/a>\n\t\t<a title=\"\ud83d\ude33\" class=\"gwolle_gb_emoji_10 noslimstat\">\ud83d\ude33<\/a>\n\t\t<a title=\"\ud83d\ude01\" class=\"gwolle_gb_emoji_11 noslimstat\">\ud83d\ude01<\/a>\n\t\t<a title=\"\ud83d\ude2c\" class=\"gwolle_gb_emoji_12 noslimstat\">\ud83d\ude2c<\/a>\n\t\t<a title=\"\ud83d\ude0c\" class=\"gwolle_gb_emoji_13 noslimstat\">\ud83d\ude0c<\/a>\n\t\t<a title=\"\ud83d\ude1e\" class=\"gwolle_gb_emoji_14 noslimstat\">\ud83d\ude1e<\/a>\n\t\t<a title=\"\ud83d\ude22\" class=\"gwolle_gb_emoji_15 noslimstat\">\ud83d\ude22<\/a>\n\t\t<a title=\"\ud83d\ude02\" class=\"gwolle_gb_emoji_16 noslimstat\">\ud83d\ude02<\/a>\n\t\t<a title=\"\ud83d\ude2d\" class=\"gwolle_gb_emoji_17 noslimstat\">\ud83d\ude2d<\/a>\n\t\t<a title=\"\ud83d\ude05\" class=\"gwolle_gb_emoji_18 noslimstat\">\ud83d\ude05<\/a>\n\t\t<a title=\"\ud83d\ude13\" class=\"gwolle_gb_emoji_19 noslimstat\">\ud83d\ude13<\/a>\n\t\t<a title=\"\ud83d\ude29\" class=\"gwolle_gb_emoji_20 noslimstat\">\ud83d\ude29<\/a>\n\t\t<a title=\"\ud83d\ude2e\" class=\"gwolle_gb_emoji_21 noslimstat\">\ud83d\ude2e<\/a>\n\t\t<a title=\"\ud83d\ude31\" class=\"gwolle_gb_emoji_22 noslimstat\">\ud83d\ude31<\/a>\n\t\t<a title=\"\ud83d\ude20\" class=\"gwolle_gb_emoji_23 noslimstat\">\ud83d\ude20<\/a>\n\t\t<a title=\"\ud83d\ude21\" class=\"gwolle_gb_emoji_24 noslimstat\">\ud83d\ude21<\/a>\n\t\t<a title=\"\ud83d\ude24\" class=\"gwolle_gb_emoji_25 noslimstat\">\ud83d\ude24<\/a>\n\t\t<a title=\"\ud83d\ude0b\" class=\"gwolle_gb_emoji_26 noslimstat\">\ud83d\ude0b<\/a>\n\t\t<a title=\"\ud83d\ude0e\" class=\"gwolle_gb_emoji_27 noslimstat\">\ud83d\ude0e<\/a>\n\t\t<a title=\"\ud83d\ude34\" class=\"gwolle_gb_emoji_28 noslimstat\">\ud83d\ude34<\/a>\n\t\t<a title=\"\ud83d\ude08\" class=\"gwolle_gb_emoji_29 noslimstat\">\ud83d\ude08<\/a>\n\t\t<a title=\"\ud83d\ude07\" class=\"gwolle_gb_emoji_30 noslimstat\">\ud83d\ude07<\/a>\n\t\t<a title=\"\ud83d\ude15\" class=\"gwolle_gb_emoji_31 noslimstat\">\ud83d\ude15<\/a>\n\t\t<a title=\"\ud83d\ude0f\" class=\"gwolle_gb_emoji_32 noslimstat\">\ud83d\ude0f<\/a>\n\t\t<a title=\"\ud83d\ude11\" class=\"gwolle_gb_emoji_33 noslimstat\">\ud83d\ude11<\/a>\n\t\t<a title=\"\ud83d\udc72\" class=\"gwolle_gb_emoji_34 noslimstat\">\ud83d\udc72<\/a>\n\t\t<a title=\"\ud83d\udc6e\" class=\"gwolle_gb_emoji_35 noslimstat\">\ud83d\udc6e<\/a>\n\t\t<a title=\"\ud83d\udc82\" class=\"gwolle_gb_emoji_36 noslimstat\">\ud83d\udc82<\/a>\n\t\t<a title=\"\ud83d\udc76\" class=\"gwolle_gb_emoji_37 noslimstat\">\ud83d\udc76<\/a>\n\t\t<a title=\"\u2764\" class=\"gwolle_gb_emoji_38 noslimstat\">\u2764<\/a>\n\t\t<a title=\"\ud83d\udc94\" class=\"gwolle_gb_emoji_39 noslimstat\">\ud83d\udc94<\/a>\n\t\t<a title=\"\ud83d\udc95\" class=\"gwolle_gb_emoji_40 noslimstat\">\ud83d\udc95<\/a>\n\t\t<a title=\"\ud83d\udc98\" class=\"gwolle_gb_emoji_41 noslimstat\">\ud83d\udc98<\/a>\n\t\t<a title=\"\ud83d\udc8c\" class=\"gwolle_gb_emoji_42 noslimstat\">\ud83d\udc8c<\/a>\n\t\t<a title=\"\ud83d\udc8b\" class=\"gwolle_gb_emoji_43 noslimstat\">\ud83d\udc8b<\/a>\n\t\t<a title=\"\ud83c\udf81\" class=\"gwolle_gb_emoji_44 noslimstat\">\ud83c\udf81<\/a>\n\t\t<a title=\"\ud83d\udcb0\" class=\"gwolle_gb_emoji_45 noslimstat\">\ud83d\udcb0<\/a>\n\t\t<a title=\"\ud83d\udc8d\" class=\"gwolle_gb_emoji_46 noslimstat\">\ud83d\udc8d<\/a>\n\t\t<a title=\"\ud83d\udc4d\" class=\"gwolle_gb_emoji_47 noslimstat\">\ud83d\udc4d<\/a>\n\t\t<a title=\"\ud83d\udc4e\" class=\"gwolle_gb_emoji_48 noslimstat\">\ud83d\udc4e<\/a>\n\t\t<a title=\"\ud83d\udc4c\" class=\"gwolle_gb_emoji_49 noslimstat\">\ud83d\udc4c<\/a>\n\t\t<a title=\"\u270c\ufe0f\" class=\"gwolle_gb_emoji_50 noslimstat\">\u270c\ufe0f<\/a>\n\t\t<a title=\"\ud83e\udd18\ufe0f\" class=\"gwolle_gb_emoji_51 noslimstat\">\ud83e\udd18<\/a>\n\t\t<a title=\"\ud83d\udc4f\" class=\"gwolle_gb_emoji_52 noslimstat\">\ud83d\udc4f<\/a>\n\t\t<a title=\"\ud83c\udfb5\" class=\"gwolle_gb_emoji_53 noslimstat\">\ud83c\udfb5<\/a>\n\t\t<a title=\"\u2615\ufe0f\" class=\"gwolle_gb_emoji_54 noslimstat\">\u2615\ufe0f<\/a>\n\t\t<a title=\"\ud83c\udf75\" class=\"gwolle_gb_emoji_55 noslimstat\">\ud83c\udf75<\/a>\n\t\t<a title=\"\ud83c\udf7a\" class=\"gwolle_gb_emoji_56 noslimstat\">\ud83c\udf7a<\/a>\n\t\t<a title=\"\ud83c\udf77\" class=\"gwolle_gb_emoji_57 noslimstat\">\ud83c\udf77<\/a>\n\t\t<a title=\"\ud83c\udf7c\" class=\"gwolle_gb_emoji_58 noslimstat\">\ud83c\udf7c<\/a>\n\t\t<a title=\"\u2600\ufe0f\" class=\"gwolle_gb_emoji_59 noslimstat\">\u2600\ufe0f<\/a>\n\t\t<a title=\"\ud83c\udf24\" class=\"gwolle_gb_emoji_60 noslimstat\">\ud83c\udf24<\/a>\n\t\t<a title=\"\ud83c\udf26\" class=\"gwolle_gb_emoji_61 noslimstat\">\ud83c\udf26<\/a>\n\t\t<a title=\"\ud83c\udf27\" class=\"gwolle_gb_emoji_62 noslimstat\">\ud83c\udf27<\/a>\n\t\t<a title=\"\ud83c\udf1c\" class=\"gwolle_gb_emoji_63 noslimstat\">\ud83c\udf1c<\/a>\n\t\t<a title=\"\ud83c\udf08\" class=\"gwolle_gb_emoji_64 noslimstat\">\ud83c\udf08<\/a>\n\t\t<a title=\"\ud83c\udfdd\" class=\"gwolle_gb_emoji_65 noslimstat\">\ud83c\udfdd<\/a>\n\t\t<a title=\"\ud83c\udf85\" class=\"gwolle_gb_emoji_66 noslimstat\">\ud83c\udf85<\/a>\n\t\t<\/div><\/div>\n\t\t\t\t<\/div>\n\t\t\t<div class=\"clearBoth\">&nbsp;<\/div>\n\t\t\t\t<div class=\"gwolle_gb_antispam\">\n\t\t\t\t\t<div class=\"label\">\n\t\t\t\t\t\t<label for=\"gwolle_gb_c840ab1e3d3042027d05eb88c8c1eae9\" class=\"text-info\">Anti-Spam: *<br \/>\n\t\t\t\t\t\tFrage: 12 + 6 =<\/label>\n\t\t\t\t\t<\/div>\n\t\t\t\t\t<div class=\"input\"><input class=\"\" value=\"\" type=\"text\" name=\"gwolle_gb_c840ab1e3d3042027d05eb88c8c1eae9\" id=\"gwolle_gb_c840ab1e3d3042027d05eb88c8c1eae9\" placeholder=\"Antwort\"  required \/>\n\t\t\t\t\t\t<\/div>\n\t\t\t\t\t<\/div>\n\t\t\t\t\t<div class=\"clearBoth\">&nbsp;<\/div>\n\t\t\t\t<div class=\"gwolle_gb_privacy\">\n\t\t\t\t\t<div class=\"label\"><label for=\"gwolle_gb_privacy\" class=\"text-info\"><a href=\"https:\/\/skiklub-nb.de\/?page_id=81\" title=\"Datenschutzerk\u00e4rung lesen\" target=\"_blank\">Datenschutzerkl\u00e4rung<\/a> akzeptieren: *<\/label><\/div>\n\t\t\t\t\t<div class=\"input\"><input type=\"checkbox\" name=\"gwolle_gb_privacy\" id=\"gwolle_gb_privacy\" required \/><\/div>\n\t\t\t\t<\/div>\n\t\t\t\t<div class=\"clearBoth\">&nbsp;<\/div><input type=\"hidden\" id=\"gwolle_gb_08b51a93668cfa1dd659cbbe7d09d9d7\" name=\"gwolle_gb_08b51a93668cfa1dd659cbbe7d09d9d7\" value=\"66eff1435d\" \/>\n\t\t\t<div id=\"gwolle_gb_messages_bottom_container\"><\/div>\n\n\t\t\t<noscript><div class=\"no-js\">Warning: This form can only be used if JavaScript is enabled in your browser.<\/div><\/noscript>\n\n\t\t\t<div class=\"gwolle_gb_submit\">\n\t\t\t\t<div class=\"label gwolle_gb_invisible text-muted\">&nbsp;<\/div>\n\t\t\t\t<div class=\"input\">\n\t\t\t\t\t<input type=\"submit\" name=\"gwolle_gb_submit\" id=\"gwolle_gb_submit\" class=\"button btn btn-primary \" value=\"Absenden\" \/>\n\t\t\t\t\t<span class=\"gwolle_gb_submit_ajax_icon\"><\/span>\n\t\t\t\n\t\t\t\t<\/div>\n\t\t\t<\/div>\n\t\t\t<div class=\"clearBoth\">&nbsp;<\/div>\n\n\t\t\t<div class=\"gwolle_gb_notice\">\n\t\t\t\tMit * gekennzeichnete Felder sind erforderlich.<br \/>\r\nIhre E-Mail-Adresse wird nicht ver\u00f6ffentlicht.<br \/>\r\nIhr Eintrag im G\u00e4stebuch wird erst sichtbar, nachdem wir ihn \u00fcberpr\u00fcft haben.<br \/>\r\nWir behalten uns vor, Eintr\u00e4ge zu bearbeiten, zu l\u00f6schen oder nicht zu ver\u00f6ffentlichen.<br \/>\r\n#\n\t\t\t<\/div><\/form><div id=\"gwolle_gb_entries\" class=\"\" data-book_id=\"1\"><div id=\"gwolle-gb-total\">1 Eintrag<\/div><!-- Gwolle-GB Entry: Default Template Loaded -->\n\t\t\t\t<div class=\"gb-entry gb-entry_1 gb-entry-count_1 gwolle_gb_uneven gwolle-gb-uneven gwolle_gb_first gwolle-gb-first\">\n\t\t\t\t\t<div class=\"gb-author-info\">\n\t\t\t\t\t\t<span class=\"gb-author-name\"><i class=\"gb-moderator\">Sigrid Pudell<\/i>\n\t\t\t\t\t\t<\/span>\n\t\t\t\t\t\t<span class=\"gb-datetime\">\n\t\t\t\t\t\t\t<span class=\"gb-date\"> schrieb am 18. Februar 2012<\/span>:\n\t\t\t\t\t\t<\/span> \n\t\t\t\t\t<\/div>\n\t\t\t\t\t<div class=\"gb-entry-content\">Aus- und Weiterbildung von Skilehrern<br \/>\r\n<br \/>\r\nDie diesj\u00e4hrige Vereinsreise unseres Skiklubs, der ca. 120 aktive Mitglieder z\u00e4hlt, war au\u00dferordentlich erfolgreich.<br \/>\r\nWie jedes Jahr in den Winterferien haben wir uns wieder auf die Reise in die Alpenregion aufgemacht. Da der Andrang inzwischen so gro\u00df ist, dass der mittlerweile zum Verein geh\u00f6rende Reisebus der Firma M\u00fcller-Tours aus Zinnowitz nicht mehr ausreicht, mussten einige der Wintersportler privat auf die Reise gehen.<br \/>\r\n<br \/>\r\nF\u00fcnf unserer begeisterten Wintersportler nahmen in ihrem Urlaub sogar eine Ausbildung zum Skilehrer \u00fcber den Deutschen Ski Verband (DSV) in Kauf und opferten ihre Freizeit, was wohl allergr\u00f6\u00dfte Anerkennung wert ist.<br \/>\r\n<br \/>\r\nIm n\u00e4chsten Jahr hat unser Verein somit keine Nachwuchssorgen, um unser bisheriges K\u00f6nnen immer weiter zu verbessern und die Vorbereitungen f\u00fcr die n\u00e4chste Reise im Februar 2013 sind bereits voll im Gange.<br \/>\r\n<br \/>\r\nAn dieser Stelle ein gro\u00dfes Danke an alle Organisatoren und Helfer.<br \/>\r\n<br \/>\r\nSigrid Pudell<br \/>\r\n<br \/>\r\n<img decoding=\"async\" src=\"https:\/\/skiklub-nb.de\/wp-content\/uploads\/2019\/08\/skikurs1-1.jpg\" alt=\"\"\/>\n\t\t\t\t\t<\/div>\n\t\t\t<\/div>\n\t\t\t<\/div><\/div>\n","protected":false},"excerpt":{"rendered":"","protected":false},"author":2,"featured_media":0,"parent":0,"menu_order":0,"comment_status":"closed","ping_status":"closed","template":"","meta":{"ngg_post_thumbnail":0,"footnotes":""},"class_list":["post-278","page","type-page","status-publish","hentry"],"_links":{"self":[{"href":"https:\/\/skiklub-nb.de\/index.php?rest_route=\/wp\/v2\/pages\/278","targetHints":{"allow":["GET"]}}],"collection":[{"href":"https:\/\/skiklub-nb.de\/index.php?rest_route=\/wp\/v2\/pages"}],"about":[{"href":"https:\/\/skiklub-nb.de\/index.php?rest_route=\/wp\/v2\/types\/page"}],"author":[{"embeddable":true,"href":"https:\/\/skiklub-nb.de\/index.php?rest_route=\/wp\/v2\/users\/2"}],"replies":[{"embeddable":true,"href":"https:\/\/skiklub-nb.de\/index.php?rest_route=%2Fwp%2Fv2%2Fcomments&post=278"}],"version-history":[{"count":0,"href":"https:\/\/skiklub-nb.de\/index.php?rest_route=\/wp\/v2\/pages\/278\/revisions"}],"wp:attachment":[{"href":"https:\/\/skiklub-nb.de\/index.php?rest_route=%2Fwp%2Fv2%2Fmedia&parent=278"}],"curies":[{"name":"wp","href":"https:\/\/api.w.org\/{rel}","templated":true}]}}