{"id":45,"date":"2019-07-31T23:27:24","date_gmt":"2019-07-31T21:27:24","guid":{"rendered":"https:\/\/skiklub-nb.de\/?page_id=45"},"modified":"2019-07-31T23:27:24","modified_gmt":"2019-07-31T21:27:24","slug":"spenden","status":"publish","type":"page","link":"https:\/\/skiklub-nb.de\/?page_id=45","title":{"rendered":"Spenden"},"content":{"rendered":"<p>Falls Sie unseren Verein finanziell unterst\u00fctzen m\u00f6chten, k\u00f6nnen Sie Ihre Spende auf unser Vereinskonto \u00fcberweisen:<\/p>\n<p style=\"padding-left: 30px;\">Beg\u00fcnstigter: Neubrandenburger Skiklub e.V.<br \/>\nIBAN: DE48150502000301022275<br \/>\nBIC: NOLADE21NBS<br \/>\nKreditinstitut: Sparkasse Neubrandenburg-Demmin<br \/>\nVerwendungszweck: Spende<\/p>\n<p>Als gemeinn\u00fctziger Verein sind wir berechtigt, Ihnen eine Spendenbescheinigung auszustellen.<\/p>\n<p><strong>Herzlichen Dank!<\/strong><\/p>\n","protected":false},"excerpt":{"rendered":"<p>Falls Sie unseren Verein finanziell unterst\u00fctzen m\u00f6chten, k\u00f6nnen Sie Ihre Spende auf unser Vereinskonto \u00fcberweisen: Beg\u00fcnstigter: Neubrandenburger Skiklub e.V. IBAN: DE48150502000301022275 BIC: NOLADE21NBS Kreditinstitut: Sparkasse Neubrandenburg-Demmin Verwendungszweck: Spende Als gemeinn\u00fctziger Verein sind wir berechtigt, Ihnen eine Spendenbescheinigung auszustellen. Herzlichen Dank!<\/p>\n","protected":false},"author":2,"featured_media":0,"parent":0,"menu_order":0,"comment_status":"closed","ping_status":"closed","template":"","meta":{"ngg_post_thumbnail":0,"footnotes":""},"class_list":["post-45","page","type-page","status-publish","hentry"],"_links":{"self":[{"href":"https:\/\/skiklub-nb.de\/index.php?rest_route=\/wp\/v2\/pages\/45","targetHints":{"allow":["GET"]}}],"collection":[{"href":"https:\/\/skiklub-nb.de\/index.php?rest_route=\/wp\/v2\/pages"}],"about":[{"href":"https:\/\/skiklub-nb.de\/index.php?rest_route=\/wp\/v2\/types\/page"}],"author":[{"embeddable":true,"href":"https:\/\/skiklub-nb.de\/index.php?rest_route=\/wp\/v2\/users\/2"}],"replies":[{"embeddable":true,"href":"https:\/\/skiklub-nb.de\/index.php?rest_route=%2Fwp%2Fv2%2Fcomments&post=45"}],"version-history":[{"count":0,"href":"https:\/\/skiklub-nb.de\/index.php?rest_route=\/wp\/v2\/pages\/45\/revisions"}],"wp:attachment":[{"href":"https:\/\/skiklub-nb.de\/index.php?rest_route=%2Fwp%2Fv2%2Fmedia&parent=45"}],"curies":[{"name":"wp","href":"https:\/\/api.w.org\/{rel}","templated":true}]}}